{"id":40,"date":"2025-03-04T23:11:17","date_gmt":"2025-03-04T22:11:17","guid":{"rendered":"https:\/\/www.gruppospeleologicopistoiese.it\/?page_id=40"},"modified":"2025-03-31T11:54:43","modified_gmt":"2025-03-31T09:54:43","slug":"corso-torrentismo-canyoning","status":"publish","type":"page","link":"https:\/\/www.gruppospeleologicopistoiese.it\/?page_id=40","title":{"rendered":"Corso torrentismo \/ canyoning"},"content":{"rendered":"\n<h3 class=\"wp-block-heading\"><strong>Torrentismo<\/strong>&#8230;un gioco in cui l\u2019acqua fa le regole&#8230; e sta a noi imparare a rispettarle&#8230;seguire il corso dell\u2019acqua \u2028lungo canyon immersi \u2028nella natura selvaggia. tuffarsi, scivolare, nuotare, calarsi \u2026 e tutto per gioco<\/h3>\n\n\n\n<p><strong>IL TORRENTISMO \/ CANYONING<\/strong><\/p>\n\n\n\n<p><em>La traduzione del termine inglese canyoning,<br>\u00e8 uno sport outdoor acquatico che consiste nella discesa di gole (canyon o forre) scavate da piccoli corsi d\u2019acqua o torrenti con una buona portata.<br>I primi a praticarlo agli inizi del Novecento furono gli speleologi francesi addentratisi nelle Gole del Verdon per esplorarle. Dagli anni Novanta si \u00e8 diffuso anche in Italia dove \u00e8 possibile percorrere numerosi corsi d\u2019acqua, piccoli angoli di Paradiso distribuiti su tutta la penisola.<\/em><\/p>\n\n\n\n<p><em><br>Il torrentismo \u00e8 uno sport di gruppo che ha fatto proprie alcune tecniche derivate dalla speleologia e dall\u2019alpinismo, dando vita a una propria identit\u00e0 autonoma nel panorama dell\u2019outdoor. Consiste nello scendere dei corsi d\u2019acqua, raggiungibili tramite trekking pi\u00f9 o meno impegnativi, sfruttando tecniche di progressione su corda nei punti pi\u00f9 verticali, per le quali \u00e8 necessario dotarsi di imbrachi appositi con corredo di moschettoni e discensori omologati. Alcuni punti della forra possono prevedere una progressione orizzontale da affrontare semplicemente camminando, grazie anche alla presa solida delle scarpe da canyoning di ultima generazione; qualora si incontrino rocce lisce che, con una verticalit\u00e0 media, si affacciano su pozze \u201cpulite\u201d (tecnicamente sicure) allora \u00e8 possibile lasciarsi scivolare in quello che \u00e8 definito \u201ctoboga\u201d, oppure tuffarsi: divertimento e adrenalina sono assicurati.<\/em><\/p>\n\n\n\n<p><em><br>\u00c8 un\u2019attivit\u00e0 che porta alla scoperta di luoghi meravigliosi scavati dall\u2019acqua nelle gole del nostro territorio, accessibili anche per l\u2019uomo in sicurezza e all\u2019insegna del divertimento in compagnia.a speleologia \u00e8 una disciplina che consiste nell\u2019addentrarsi in cavit\u00e0 ipogee utilizzando tecniche di progressione specifiche con e senza utilizzo di corde. Nelle sue attivit\u00e0 lo speleologo cerca di scoprire nuovi meandri, preservare gli ambienti gi\u00e0 noti e sensibilizzare la comunit\u00e0 tutta nella protezione e salvaguardia della natura in toto. Nella maggior parte dei casi lo speleologo esplora ambienti generati naturalmente, ma non sono da sottovalutare quelli creati dall\u2019uomo, parlando quindi di speleologia urbana: rifugi antiaerei, cisterne per la raccolta delle acque, miniere, sistemi fognari e acquedotti. Scoprire il mondo sotterraneo \u00e8 un\u2019esperienza unica, dove il tempo e lo spazio assumo forme differenti, dove l\u2019uomo scopre l\u2019ambiente che lo circonda anche attraverso lo studio delle rocce e delle varie forme di vita che lo popolano.<\/em><\/p>\n\n\n\n<h2 class=\"wp-block-heading\">IL CORSO<\/h2>\n\n\n\n<p>Il corso di introduzione al torrentismo ha l\u2019obiettivo di offrire alle persone i primi rudimenti di questa disciplina consentendo di praticarla in parziale autonomia attraverso l\u2019acquisizione di conoscenze e tecniche specifiche, fondamentali per scoprire ambienti altrimenti inaccessibili all\u2019uomo. Incontri teorici, lezioni pratiche ed uscite in forra sono caratterizzate dallo spirito ludico che da sempre ci accompagna.<br>A dif\u00adfe\u00adrenza di altri sport acquatici con cui spesso viene confuso (rafting, ka\u00adyak, hydro\u00adspeed) si percorre il tor\u00adren\u00adte a piedi, senza l&#8217;ausilio di gommone o canoa. La pro\u00adgres\u00adsio\u00adne dunque av\u00advie\u00adne se\u00adguen\u00addo la di\u00adre\u00adzio\u00adne dell&#8217;acqua, e mai a ritroso, grazie a tuffi, salti, scivoli (dove possibile), pro\u00adgres\u00adsione su corda.Il torrentismo \u00e8 una attivit\u00e0 tec\u00adnica che richiede una adeguata pre\u00adpa\u00adra\u00adzio\u00adne psi\u00adco\u00adfi\u00adsi\u00adca, at\u00adtrez\u00adzatura spe\u00adci\u00adfi\u00adca, e con\u00adfi\u00adden\u00adza con l&#8217;acqua. L&#8217;uomo, in completa simbiosi con la natura trae soddisfazioni ed emozioni in\u00adde\u00adscri\u00advi\u00adbili.<\/p>\n\n\n\n<h4 class=\"wp-block-heading\"><img loading=\"lazy\" decoding=\"async\" width=\"96\" height=\"96\" class=\"wp-image-128\" style=\"width: 96px;\" src=\"https:\/\/www.gruppospeleologicopistoiese.it\/wp-content\/uploads\/2025\/03\/icons8-info-popup-96.png\" alt=\"\">&nbsp;INFORMAZIONI UTILI<\/h4>\n\n\n\n<p>Il programma del corso non presenta difficolt\u00e0 particolari. Durante le esercitazioni pratiche verranno adottate le normali precauzioni necessarie a garantire l\u2019incolumit\u00e0 dei partecipanti, che sono tenuti ad attenersi rigorosamente alle istruzioni impartite dagli accompagnatori.&nbsp;<br>La quota di iscrizione \u00e8 di \u20ac 150<br>(\u20ac 100 per i soci CAI o chi abbia partecipato al corso di torrentismo)<\/p>\n\n\n\n<h4 class=\"wp-block-heading\"><img loading=\"lazy\" decoding=\"async\" width=\"96\" height=\"96\" class=\"wp-image-129\" style=\"width: 96px;\" src=\"https:\/\/www.gruppospeleologicopistoiese.it\/wp-content\/uploads\/2025\/03\/icons8-attenzione-96.png\" alt=\"\">RISCHI<\/h4>\n\n\n\n<p>Possono partecipare al corso 12 allievi, solo maggiori di et\u00e0 15 anni al momento dell\u2019iscrizione con autorizzazione dei genitori (se minorenni).<br>Occorre presentare il certificato medico di idoneit\u00e0<br><br>Tutti i partecipanti dovranno seguire le linee guida della scuola nazionale di speleologia.<br><br>Si ricorda agli allievi che le partecipazioni alle palestre di roccia e alle uscite in grotta sono attivit\u00e0 che presentano dei rischi. La Scuola del CAI adotta tutte le misure precauzionali affinch\u00e9 nei vari ambiti si operi con ragionevole sicurezza. Con l\u2019adesione al corso l\u2019allievo \u00e8 consapevole che nello svolgimento dell\u2019attivit\u00e0 speleologica un rischio residuo \u00e8 sempre presente e non \u00e8 mai azzerabile.<\/p>\n","protected":false},"excerpt":{"rendered":"<p>Torrentismo&#8230;un gioco in cui l\u2019acqua fa le regole&#8230; e sta a noi imparare a rispettarle&#8230;seguire il corso dell\u2019acqua \u2028lungo canyon immersi \u2028nella natura selvaggia. tuffarsi, scivolare, nuotare, calarsi \u2026 e [&hellip;]<\/p>\n","protected":false},"author":1,"featured_media":0,"parent":0,"menu_order":0,"comment_status":"closed","ping_status":"closed","template":"","meta":{"_EventAllDay":false,"_EventTimezone":"","_EventStartDate":"","_EventEndDate":"","_EventStartDateUTC":"","_EventEndDateUTC":"","_EventShowMap":false,"_EventShowMapLink":false,"_EventURL":"","_EventCost":"","_EventCostDescription":"","_EventCurrencySymbol":"","_EventCurrencyCode":"","_EventCurrencyPosition":"","_EventDateTimeSeparator":"","_EventTimeRangeSeparator":"","_EventOrganizerID":[],"_EventVenueID":[],"_OrganizerEmail":"","_OrganizerPhone":"","_OrganizerWebsite":"","_VenueAddress":"","_VenueCity":"","_VenueCountry":"","_VenueProvince":"","_VenueState":"","_VenueZip":"","_VenuePhone":"","_VenueURL":"","_VenueStateProvince":"","_VenueLat":"","_VenueLng":"","_VenueShowMap":false,"_VenueShowMapLink":false,"_themeisle_gutenberg_block_has_review":false,"footnotes":""},"class_list":["post-40","page","type-page","status-publish","hentry"],"yoast_head":"<!-- This site is optimized with the Yoast SEO plugin v26.8 - https:\/\/yoast.com\/product\/yoast-seo-wordpress\/ -->\r\n<title>Corso torrentismo \/ canyoning - Gruppo Speleologico Pistoiese<\/title>\r\n<meta name=\"robots\" content=\"index, follow, max-snippet:-1, max-image-preview:large, max-video-preview:-1\" \/>\r\n<link rel=\"canonical\" href=\"https:\/\/www.gruppospeleologicopistoiese.it\/?page_id=40\" \/>\r\n<meta property=\"og:locale\" content=\"it_IT\" \/>\r\n<meta property=\"og:type\" content=\"article\" \/>\r\n<meta property=\"og:title\" content=\"Corso torrentismo \/ canyoning - Gruppo Speleologico Pistoiese\" \/>\r\n<meta property=\"og:description\" content=\"Torrentismo&#8230;un gioco in cui l\u2019acqua fa le regole&#8230; e sta a noi imparare a rispettarle&#8230;seguire il corso dell\u2019acqua \u2028lungo canyon immersi \u2028nella natura selvaggia. tuffarsi, scivolare, nuotare, calarsi \u2026 e [&hellip;]\" \/>\r\n<meta property=\"og:url\" content=\"https:\/\/www.gruppospeleologicopistoiese.it\/?page_id=40\" \/>\r\n<meta property=\"og:site_name\" content=\"Gruppo Speleologico Pistoiese\" \/>\r\n<meta property=\"article:publisher\" content=\"https:\/\/www.facebook.com\/p\/Gruppo-Speleologico-Pistoiese-Cai-100037940414753\/\" \/>\r\n<meta property=\"article:modified_time\" content=\"2025-03-31T09:54:43+00:00\" \/>\r\n<meta property=\"og:image\" content=\"https:\/\/www.gruppospeleologicopistoiese.it\/wp-content\/uploads\/2025\/03\/icons8-info-popup-96.png\" \/>\r\n\t<meta property=\"og:image:width\" content=\"96\" \/>\r\n\t<meta property=\"og:image:height\" content=\"96\" \/>\r\n\t<meta property=\"og:image:type\" content=\"image\/png\" \/>\r\n<meta name=\"twitter:card\" content=\"summary_large_image\" \/>\r\n<meta name=\"twitter:label1\" content=\"Tempo di lettura stimato\" \/>\n\t<meta name=\"twitter:data1\" content=\"5 minuti\" \/>\r\n<script type=\"application\/ld+json\" class=\"yoast-schema-graph\">{\"@context\":\"https:\/\/schema.org\",\"@graph\":[{\"@type\":\"WebPage\",\"@id\":\"https:\/\/www.gruppospeleologicopistoiese.it\/?page_id=40\",\"url\":\"https:\/\/www.gruppospeleologicopistoiese.it\/?page_id=40\",\"name\":\"Corso torrentismo \/ canyoning - Gruppo Speleologico Pistoiese\",\"isPartOf\":{\"@id\":\"https:\/\/www.gruppospeleologicopistoiese.it\/#website\"},\"primaryImageOfPage\":{\"@id\":\"https:\/\/www.gruppospeleologicopistoiese.it\/?page_id=40#primaryimage\"},\"image\":{\"@id\":\"https:\/\/www.gruppospeleologicopistoiese.it\/?page_id=40#primaryimage\"},\"thumbnailUrl\":\"https:\/\/www.gruppospeleologicopistoiese.it\/wp-content\/uploads\/2025\/03\/icons8-info-popup-96.png\",\"datePublished\":\"2025-03-04T22:11:17+00:00\",\"dateModified\":\"2025-03-31T09:54:43+00:00\",\"breadcrumb\":{\"@id\":\"https:\/\/www.gruppospeleologicopistoiese.it\/?page_id=40#breadcrumb\"},\"inLanguage\":\"it-IT\",\"potentialAction\":[{\"@type\":\"ReadAction\",\"target\":[\"https:\/\/www.gruppospeleologicopistoiese.it\/?page_id=40\"]}]},{\"@type\":\"ImageObject\",\"inLanguage\":\"it-IT\",\"@id\":\"https:\/\/www.gruppospeleologicopistoiese.it\/?page_id=40#primaryimage\",\"url\":\"https:\/\/www.gruppospeleologicopistoiese.it\/wp-content\/uploads\/2025\/03\/icons8-info-popup-96.png\",\"contentUrl\":\"https:\/\/www.gruppospeleologicopistoiese.it\/wp-content\/uploads\/2025\/03\/icons8-info-popup-96.png\",\"width\":96,\"height\":96},{\"@type\":\"BreadcrumbList\",\"@id\":\"https:\/\/www.gruppospeleologicopistoiese.it\/?page_id=40#breadcrumb\",\"itemListElement\":[{\"@type\":\"ListItem\",\"position\":1,\"name\":\"Home\",\"item\":\"https:\/\/www.gruppospeleologicopistoiese.it\/\"},{\"@type\":\"ListItem\",\"position\":2,\"name\":\"Corso torrentismo \/ canyoning\"}]},{\"@type\":\"WebSite\",\"@id\":\"https:\/\/www.gruppospeleologicopistoiese.it\/#website\",\"url\":\"https:\/\/www.gruppospeleologicopistoiese.it\/\",\"name\":\"Gruppo Speleologico Pistoiese\",\"description\":\"\",\"publisher\":{\"@id\":\"https:\/\/www.gruppospeleologicopistoiese.it\/#organization\"},\"potentialAction\":[{\"@type\":\"SearchAction\",\"target\":{\"@type\":\"EntryPoint\",\"urlTemplate\":\"https:\/\/www.gruppospeleologicopistoiese.it\/?s={search_term_string}\"},\"query-input\":{\"@type\":\"PropertyValueSpecification\",\"valueRequired\":true,\"valueName\":\"search_term_string\"}}],\"inLanguage\":\"it-IT\"},{\"@type\":\"Organization\",\"@id\":\"https:\/\/www.gruppospeleologicopistoiese.it\/#organization\",\"name\":\"Gruppo Speleologico Pistoiese\",\"url\":\"https:\/\/www.gruppospeleologicopistoiese.it\/\",\"logo\":{\"@type\":\"ImageObject\",\"inLanguage\":\"it-IT\",\"@id\":\"https:\/\/www.gruppospeleologicopistoiese.it\/#\/schema\/logo\/image\/\",\"url\":\"https:\/\/www.gruppospeleologicopistoiese.it\/wp-content\/uploads\/2025\/03\/Logo.png\",\"contentUrl\":\"https:\/\/www.gruppospeleologicopistoiese.it\/wp-content\/uploads\/2025\/03\/Logo.png\",\"width\":1139,\"height\":903,\"caption\":\"Gruppo Speleologico Pistoiese\"},\"image\":{\"@id\":\"https:\/\/www.gruppospeleologicopistoiese.it\/#\/schema\/logo\/image\/\"},\"sameAs\":[\"https:\/\/www.facebook.com\/p\/Gruppo-Speleologico-Pistoiese-Cai-100037940414753\/\",\"https:\/\/www.instagram.com\/gruppo.speleologico.pistoiese\/\"]}]}<\/script>\r\n<!-- \/ Yoast SEO plugin. -->","yoast_head_json":{"title":"Corso torrentismo \/ canyoning - Gruppo Speleologico Pistoiese","robots":{"index":"index","follow":"follow","max-snippet":"max-snippet:-1","max-image-preview":"max-image-preview:large","max-video-preview":"max-video-preview:-1"},"canonical":"https:\/\/www.gruppospeleologicopistoiese.it\/?page_id=40","og_locale":"it_IT","og_type":"article","og_title":"Corso torrentismo \/ canyoning - Gruppo Speleologico Pistoiese","og_description":"Torrentismo&#8230;un gioco in cui l\u2019acqua fa le regole&#8230; e sta a noi imparare a rispettarle&#8230;seguire il corso dell\u2019acqua \u2028lungo canyon immersi \u2028nella natura selvaggia. tuffarsi, scivolare, nuotare, calarsi \u2026 e [&hellip;]","og_url":"https:\/\/www.gruppospeleologicopistoiese.it\/?page_id=40","og_site_name":"Gruppo Speleologico Pistoiese","article_publisher":"https:\/\/www.facebook.com\/p\/Gruppo-Speleologico-Pistoiese-Cai-100037940414753\/","article_modified_time":"2025-03-31T09:54:43+00:00","og_image":[{"width":96,"height":96,"url":"https:\/\/www.gruppospeleologicopistoiese.it\/wp-content\/uploads\/2025\/03\/icons8-info-popup-96.png","type":"image\/png"}],"twitter_card":"summary_large_image","twitter_misc":{"Tempo di lettura stimato":"5 minuti"},"schema":{"@context":"https:\/\/schema.org","@graph":[{"@type":"WebPage","@id":"https:\/\/www.gruppospeleologicopistoiese.it\/?page_id=40","url":"https:\/\/www.gruppospeleologicopistoiese.it\/?page_id=40","name":"Corso torrentismo \/ canyoning - Gruppo Speleologico Pistoiese","isPartOf":{"@id":"https:\/\/www.gruppospeleologicopistoiese.it\/#website"},"primaryImageOfPage":{"@id":"https:\/\/www.gruppospeleologicopistoiese.it\/?page_id=40#primaryimage"},"image":{"@id":"https:\/\/www.gruppospeleologicopistoiese.it\/?page_id=40#primaryimage"},"thumbnailUrl":"https:\/\/www.gruppospeleologicopistoiese.it\/wp-content\/uploads\/2025\/03\/icons8-info-popup-96.png","datePublished":"2025-03-04T22:11:17+00:00","dateModified":"2025-03-31T09:54:43+00:00","breadcrumb":{"@id":"https:\/\/www.gruppospeleologicopistoiese.it\/?page_id=40#breadcrumb"},"inLanguage":"it-IT","potentialAction":[{"@type":"ReadAction","target":["https:\/\/www.gruppospeleologicopistoiese.it\/?page_id=40"]}]},{"@type":"ImageObject","inLanguage":"it-IT","@id":"https:\/\/www.gruppospeleologicopistoiese.it\/?page_id=40#primaryimage","url":"https:\/\/www.gruppospeleologicopistoiese.it\/wp-content\/uploads\/2025\/03\/icons8-info-popup-96.png","contentUrl":"https:\/\/www.gruppospeleologicopistoiese.it\/wp-content\/uploads\/2025\/03\/icons8-info-popup-96.png","width":96,"height":96},{"@type":"BreadcrumbList","@id":"https:\/\/www.gruppospeleologicopistoiese.it\/?page_id=40#breadcrumb","itemListElement":[{"@type":"ListItem","position":1,"name":"Home","item":"https:\/\/www.gruppospeleologicopistoiese.it\/"},{"@type":"ListItem","position":2,"name":"Corso torrentismo \/ canyoning"}]},{"@type":"WebSite","@id":"https:\/\/www.gruppospeleologicopistoiese.it\/#website","url":"https:\/\/www.gruppospeleologicopistoiese.it\/","name":"Gruppo Speleologico Pistoiese","description":"","publisher":{"@id":"https:\/\/www.gruppospeleologicopistoiese.it\/#organization"},"potentialAction":[{"@type":"SearchAction","target":{"@type":"EntryPoint","urlTemplate":"https:\/\/www.gruppospeleologicopistoiese.it\/?s={search_term_string}"},"query-input":{"@type":"PropertyValueSpecification","valueRequired":true,"valueName":"search_term_string"}}],"inLanguage":"it-IT"},{"@type":"Organization","@id":"https:\/\/www.gruppospeleologicopistoiese.it\/#organization","name":"Gruppo Speleologico Pistoiese","url":"https:\/\/www.gruppospeleologicopistoiese.it\/","logo":{"@type":"ImageObject","inLanguage":"it-IT","@id":"https:\/\/www.gruppospeleologicopistoiese.it\/#\/schema\/logo\/image\/","url":"https:\/\/www.gruppospeleologicopistoiese.it\/wp-content\/uploads\/2025\/03\/Logo.png","contentUrl":"https:\/\/www.gruppospeleologicopistoiese.it\/wp-content\/uploads\/2025\/03\/Logo.png","width":1139,"height":903,"caption":"Gruppo Speleologico Pistoiese"},"image":{"@id":"https:\/\/www.gruppospeleologicopistoiese.it\/#\/schema\/logo\/image\/"},"sameAs":["https:\/\/www.facebook.com\/p\/Gruppo-Speleologico-Pistoiese-Cai-100037940414753\/","https:\/\/www.instagram.com\/gruppo.speleologico.pistoiese\/"]}]}},"_links":{"self":[{"href":"https:\/\/www.gruppospeleologicopistoiese.it\/index.php?rest_route=\/wp\/v2\/pages\/40","targetHints":{"allow":["GET"]}}],"collection":[{"href":"https:\/\/www.gruppospeleologicopistoiese.it\/index.php?rest_route=\/wp\/v2\/pages"}],"about":[{"href":"https:\/\/www.gruppospeleologicopistoiese.it\/index.php?rest_route=\/wp\/v2\/types\/page"}],"author":[{"embeddable":true,"href":"https:\/\/www.gruppospeleologicopistoiese.it\/index.php?rest_route=\/wp\/v2\/users\/1"}],"replies":[{"embeddable":true,"href":"https:\/\/www.gruppospeleologicopistoiese.it\/index.php?rest_route=%2Fwp%2Fv2%2Fcomments&post=40"}],"version-history":[{"count":5,"href":"https:\/\/www.gruppospeleologicopistoiese.it\/index.php?rest_route=\/wp\/v2\/pages\/40\/revisions"}],"predecessor-version":[{"id":267,"href":"https:\/\/www.gruppospeleologicopistoiese.it\/index.php?rest_route=\/wp\/v2\/pages\/40\/revisions\/267"}],"wp:attachment":[{"href":"https:\/\/www.gruppospeleologicopistoiese.it\/index.php?rest_route=%2Fwp%2Fv2%2Fmedia&parent=40"}],"curies":[{"name":"wp","href":"https:\/\/api.w.org\/{rel}","templated":true}]}}